{"id":123,"date":"2024-01-09T20:00:02","date_gmt":"2024-01-09T17:00:02","guid":{"rendered":"https:\/\/theme.madsparrow.me\/mokko\/?page_id=123"},"modified":"2025-07-19T22:46:08","modified_gmt":"2025-07-19T22:46:08","slug":"blog","status":"publish","type":"page","link":"https:\/\/qwsolutions.pt\/pt\/blog\/","title":{"rendered":"Blog"},"content":{"rendered":"\t\t<div data-elementor-type=\"wp-page\" data-elementor-id=\"123\" class=\"elementor elementor-123\" data-elementor-post-type=\"page\">\n\t\t\t\t<div class=\"elementor-element elementor-element-ae896c9 e-flex e-con-boxed no e-con e-parent\" data-id=\"ae896c9\" data-element_type=\"container\">\n\t\t\t\t\t<div class=\"e-con-inner\">\n\t\t\t\t<div class=\"elementor-element elementor-element-69c2e6b elementor-widget elementor-widget-ms_animated_headline\" data-id=\"69c2e6b\" data-element_type=\"widget\" data-widget_type=\"ms_animated_headline.default\">\n\t\t\t\t<div class=\"elementor-widget-container\">\n\t\t\t\t\t\r\n        <div class=\"ms-ah-wrapper\">\r\n            <h1 class=\"content__title\" data-splitting data-effect5 data-scroll=\"off\">\r\n            \tBlog            <\/h1>\r\n        <\/div>\r\n        \r\n    \t\t\t\t<\/div>\n\t\t\t\t<\/div>\n\t\t\t\t\t<\/div>\n\t\t\t\t<\/div>\n\t\t<div class=\"elementor-element elementor-element-5cd018d e-flex e-con-boxed no e-con e-parent\" data-id=\"5cd018d\" data-element_type=\"container\">\n\t\t\t\t\t<div class=\"e-con-inner\">\n\t\t\t\t<div class=\"elementor-element elementor-element-ed8107d elementor-widget elementor-widget-ms_posts\" data-id=\"ed8107d\" data-element_type=\"widget\" data-widget_type=\"ms_posts.default\">\n\t\t\t\t<div class=\"elementor-widget-container\">\n\t\t\t\t\t\t\t\r\n\t\t<div class=\"ms-posts--wrap\">\r\n\t\t\t<div class=\"row ms-posts--card\" id=\"ed8107d\" data-order=\"\">\r\n\r\n\t\t\t\t\t\r\n\r\n\t\t\t\t\t\t\r\n<article id=\"post-6079\" class=\"grid-item col-sm-12 col-md-6 col-lg-4 post-6079 post type-post status-publish format-standard has-post-thumbnail hentry category-blog\">\r\n\r\n    <a href=\"https:\/\/qwsolutions.pt\/pt\/startups-e-profissionais-estrategias-para-navegarem\/\" aria-label=\"Startups e Profissionais: estrat\u00e9gias para navegarem num mercado em r\u00e1pida evolu\u00e7\u00e3o\"><\/a>\r\n\r\n    \r\n        <figure class=\"ms-posts--card__media\">\r\n            <img decoding=\"async\" src=\"https:\/\/qwsolutions.pt\/wp-content\/uploads\/2025\/10\/happy-business-team-cooperating-while-analyzing-their-business-progress-whiteboard-office-scaled.jpg\" alt=\"Startups e Profissionais: estrat\u00e9gias para navegarem num mercado em r\u00e1pida evolu\u00e7\u00e3o\">\r\n        <\/figure>\r\n\r\n    \r\n    <div class=\"post-content\">\r\n\r\n        \r\n        <div class=\"post-meta-header\">\r\n\r\n            <div class=\"post-header--author\">\r\n\r\n                <img decoding=\"async\" src=\"https:\/\/secure.gravatar.com\/avatar\/7a18d3ea79b9031b531eb2e66c6baa5e2a5bb8619f0efb1e210e7a3f3f6675d7?s=45&d=mm&r=g\" alt=\"iamqueirozz@gmail.com\">\r\n\r\n                <div class=\"post-meta__info\">\r\n                    <span class=\"post-meta__author\">iamqueirozz@gmail.com<\/span>\r\n                    <span class=\"post-meta__date\">Out 12, 2025<\/span>\r\n                <\/div>\r\n\r\n            <\/div>\r\n\r\n        <\/div>    \r\n\r\n        <div class=\"post-meta-cont\">\r\n            <div class=\"post-category\"><a href=\"https:\/\/qwsolutions.pt\/pt\/category\/blog\/\" rel=\"category tag\">Blog<\/a><\/div>\r\n            <div class=\"post-header\">\r\n                <a class=\"post-title\" href=\"https:\/\/qwsolutions.pt\/pt\/startups-e-profissionais-estrategias-para-navegarem\/\" aria-label=\"Startups e Profissionais: estrat\u00e9gias para navegarem num mercado em r\u00e1pida evolu\u00e7\u00e3o\">\r\n                    <h3>Startups e Profissionais: estrat\u00e9gias para navegarem num mercado em r\u00e1pida evolu\u00e7\u00e3o<\/h3>\r\n                <\/a>\r\n            <\/div>\r\n        <\/div>\r\n\r\n    <\/div>\r\n\r\n<\/article>\r\n\r\n\t\t\t\t\t\r\n\r\n\t\t\t\t\t\t\r\n<article id=\"post-6070\" class=\"grid-item col-sm-12 col-md-6 col-lg-4 post-6070 post type-post status-publish format-standard has-post-thumbnail hentry category-blog\">\r\n\r\n    <a href=\"https:\/\/qwsolutions.pt\/pt\/personal-trainers-desafios-para-quem-quer-crescer\/\" aria-label=\"Personal Trainers: desafios para quem quer crescer no mercado fitness em Portugal\"><\/a>\r\n\r\n    \r\n        <figure class=\"ms-posts--card__media\">\r\n            <img decoding=\"async\" src=\"https:\/\/qwsolutions.pt\/wp-content\/uploads\/2025\/10\/handsome-black-man-is-engaged-gym-scaled.jpg\" alt=\"Personal Trainers: desafios para quem quer crescer no mercado fitness em Portugal\">\r\n        <\/figure>\r\n\r\n    \r\n    <div class=\"post-content\">\r\n\r\n        \r\n        <div class=\"post-meta-header\">\r\n\r\n            <div class=\"post-header--author\">\r\n\r\n                <img decoding=\"async\" src=\"https:\/\/secure.gravatar.com\/avatar\/7a18d3ea79b9031b531eb2e66c6baa5e2a5bb8619f0efb1e210e7a3f3f6675d7?s=45&d=mm&r=g\" alt=\"iamqueirozz@gmail.com\">\r\n\r\n                <div class=\"post-meta__info\">\r\n                    <span class=\"post-meta__author\">iamqueirozz@gmail.com<\/span>\r\n                    <span class=\"post-meta__date\">Out 12, 2025<\/span>\r\n                <\/div>\r\n\r\n            <\/div>\r\n\r\n        <\/div>    \r\n\r\n        <div class=\"post-meta-cont\">\r\n            <div class=\"post-category\"><a href=\"https:\/\/qwsolutions.pt\/pt\/category\/blog\/\" rel=\"category tag\">Blog<\/a><\/div>\r\n            <div class=\"post-header\">\r\n                <a class=\"post-title\" href=\"https:\/\/qwsolutions.pt\/pt\/personal-trainers-desafios-para-quem-quer-crescer\/\" aria-label=\"Personal Trainers: desafios para quem quer crescer no mercado fitness em Portugal\">\r\n                    <h3>Personal Trainers: desafios para quem quer crescer no mercado fitness em Portugal<\/h3>\r\n                <\/a>\r\n            <\/div>\r\n        <\/div>\r\n\r\n    <\/div>\r\n\r\n<\/article>\r\n\r\n\t\t\t\t\t\r\n\r\n\t\t\t\t\t\t\r\n<article id=\"post-6050\" class=\"grid-item col-sm-12 col-md-6 col-lg-4 post-6050 post type-post status-publish format-standard has-post-thumbnail hentry category-blog\">\r\n\r\n    <a href=\"https:\/\/qwsolutions.pt\/pt\/consultores-imobiliarios-em-portugal\/\" aria-label=\"Consultores imobili\u00e1rios em Portugal enfrentam desafio: destacar-se num mercado saturado\"><\/a>\r\n\r\n    \r\n        <figure class=\"ms-posts--card__media\">\r\n            <img decoding=\"async\" src=\"https:\/\/qwsolutions.pt\/wp-content\/uploads\/2025\/10\/business-people-having-arguments-with-boss-scaled.jpg\" alt=\"Consultores imobili\u00e1rios em Portugal enfrentam desafio: destacar-se num mercado saturado\">\r\n        <\/figure>\r\n\r\n    \r\n    <div class=\"post-content\">\r\n\r\n        \r\n        <div class=\"post-meta-header\">\r\n\r\n            <div class=\"post-header--author\">\r\n\r\n                <img decoding=\"async\" src=\"https:\/\/secure.gravatar.com\/avatar\/7a18d3ea79b9031b531eb2e66c6baa5e2a5bb8619f0efb1e210e7a3f3f6675d7?s=45&d=mm&r=g\" alt=\"iamqueirozz@gmail.com\">\r\n\r\n                <div class=\"post-meta__info\">\r\n                    <span class=\"post-meta__author\">iamqueirozz@gmail.com<\/span>\r\n                    <span class=\"post-meta__date\">Out 12, 2025<\/span>\r\n                <\/div>\r\n\r\n            <\/div>\r\n\r\n        <\/div>    \r\n\r\n        <div class=\"post-meta-cont\">\r\n            <div class=\"post-category\"><a href=\"https:\/\/qwsolutions.pt\/pt\/category\/blog\/\" rel=\"category tag\">Blog<\/a><\/div>\r\n            <div class=\"post-header\">\r\n                <a class=\"post-title\" href=\"https:\/\/qwsolutions.pt\/pt\/consultores-imobiliarios-em-portugal\/\" aria-label=\"Consultores imobili\u00e1rios em Portugal enfrentam desafio: destacar-se num mercado saturado\">\r\n                    <h3>Consultores imobili\u00e1rios em Portugal enfrentam desafio: destacar-se num mercado saturado<\/h3>\r\n                <\/a>\r\n            <\/div>\r\n        <\/div>\r\n\r\n    <\/div>\r\n\r\n<\/article>\r\n\r\n\t\t\t\t\t\r\n\r\n\t\t\t\t\t\t\r\n<article id=\"post-6039\" class=\"grid-item col-sm-12 col-md-6 col-lg-4 post-6039 post type-post status-publish format-standard has-post-thumbnail hentry category-blog\">\r\n\r\n    <a href=\"https:\/\/qwsolutions.pt\/pt\/tecnologia-lisboa-reafirma-lideranca\/\" aria-label=\"Tecnologia: Lisboa Reafirma Lideran\u00e7a na Transforma\u00e7\u00e3o Digital da Europa\"><\/a>\r\n\r\n    \r\n        <figure class=\"ms-posts--card__media\">\r\n            <img decoding=\"async\" src=\"https:\/\/qwsolutions.pt\/wp-content\/uploads\/2025\/10\/business-colleague-talking-viewing-documents-outdoor-scaled.jpg\" alt=\"Tecnologia: Lisboa Reafirma Lideran\u00e7a na Transforma\u00e7\u00e3o Digital da Europa\">\r\n        <\/figure>\r\n\r\n    \r\n    <div class=\"post-content\">\r\n\r\n        \r\n        <div class=\"post-meta-header\">\r\n\r\n            <div class=\"post-header--author\">\r\n\r\n                <img decoding=\"async\" src=\"https:\/\/secure.gravatar.com\/avatar\/7a18d3ea79b9031b531eb2e66c6baa5e2a5bb8619f0efb1e210e7a3f3f6675d7?s=45&d=mm&r=g\" alt=\"iamqueirozz@gmail.com\">\r\n\r\n                <div class=\"post-meta__info\">\r\n                    <span class=\"post-meta__author\">iamqueirozz@gmail.com<\/span>\r\n                    <span class=\"post-meta__date\">Out 12, 2025<\/span>\r\n                <\/div>\r\n\r\n            <\/div>\r\n\r\n        <\/div>    \r\n\r\n        <div class=\"post-meta-cont\">\r\n            <div class=\"post-category\"><a href=\"https:\/\/qwsolutions.pt\/pt\/category\/blog\/\" rel=\"category tag\">Blog<\/a><\/div>\r\n            <div class=\"post-header\">\r\n                <a class=\"post-title\" href=\"https:\/\/qwsolutions.pt\/pt\/tecnologia-lisboa-reafirma-lideranca\/\" aria-label=\"Tecnologia: Lisboa Reafirma Lideran\u00e7a na Transforma\u00e7\u00e3o Digital da Europa\">\r\n                    <h3>Tecnologia: Lisboa Reafirma Lideran\u00e7a na Transforma\u00e7\u00e3o Digital da Europa<\/h3>\r\n                <\/a>\r\n            <\/div>\r\n        <\/div>\r\n\r\n    <\/div>\r\n\r\n<\/article>\r\n\r\n\t\t\t\t\t\r\n\r\n\t\t\t\t\t\t\r\n<article id=\"post-6019\" class=\"grid-item col-sm-12 col-md-6 col-lg-4 post-6019 post type-post status-publish format-standard has-post-thumbnail hentry category-blog\">\r\n\r\n    <a href=\"https:\/\/qwsolutions.pt\/pt\/personal-trainer-portugal-e-o-crescimento\/\" aria-label=\"Personal Trainer: Portugal e o Crescimento de uma Profiss\u00e3o em Expans\u00e3o\"><\/a>\r\n\r\n    \r\n        <figure class=\"ms-posts--card__media\">\r\n            <img decoding=\"async\" src=\"https:\/\/qwsolutions.pt\/wp-content\/uploads\/2025\/10\/indian-man-doing-excercisses-special-equipment-gym-with-personal-trainer-1-scaled.jpg\" alt=\"Personal Trainer: Portugal e o Crescimento de uma Profiss\u00e3o em Expans\u00e3o\">\r\n        <\/figure>\r\n\r\n    \r\n    <div class=\"post-content\">\r\n\r\n        \r\n        <div class=\"post-meta-header\">\r\n\r\n            <div class=\"post-header--author\">\r\n\r\n                <img decoding=\"async\" src=\"https:\/\/secure.gravatar.com\/avatar\/7a18d3ea79b9031b531eb2e66c6baa5e2a5bb8619f0efb1e210e7a3f3f6675d7?s=45&d=mm&r=g\" alt=\"iamqueirozz@gmail.com\">\r\n\r\n                <div class=\"post-meta__info\">\r\n                    <span class=\"post-meta__author\">iamqueirozz@gmail.com<\/span>\r\n                    <span class=\"post-meta__date\">Out 12, 2025<\/span>\r\n                <\/div>\r\n\r\n            <\/div>\r\n\r\n        <\/div>    \r\n\r\n        <div class=\"post-meta-cont\">\r\n            <div class=\"post-category\"><a href=\"https:\/\/qwsolutions.pt\/pt\/category\/blog\/\" rel=\"category tag\">Blog<\/a><\/div>\r\n            <div class=\"post-header\">\r\n                <a class=\"post-title\" href=\"https:\/\/qwsolutions.pt\/pt\/personal-trainer-portugal-e-o-crescimento\/\" aria-label=\"Personal Trainer: Portugal e o Crescimento de uma Profiss\u00e3o em Expans\u00e3o\">\r\n                    <h3>Personal Trainer: Portugal e o Crescimento de uma Profiss\u00e3o em Expans\u00e3o<\/h3>\r\n                <\/a>\r\n            <\/div>\r\n        <\/div>\r\n\r\n    <\/div>\r\n\r\n<\/article>\r\n\r\n\t\t\t\t\t\r\n\r\n\t\t\t\t\t\t\r\n<article id=\"post-54\" class=\"grid-item col-sm-12 col-md-6 col-lg-4 post-54 post type-post status-publish format-standard has-post-thumbnail hentry category-blog\">\r\n\r\n    <a href=\"https:\/\/qwsolutions.pt\/pt\/a-nova-era-digital\/\" aria-label=\"A Nova Era Digital : Porque o Design de um Website \u00e9 Muito Mais do que Apar\u00eancia\"><\/a>\r\n\r\n    \r\n        <figure class=\"ms-posts--card__media\">\r\n            <img decoding=\"async\" src=\"https:\/\/qwsolutions.pt\/wp-content\/uploads\/2024\/01\/medium-shot-man-wearing-vr-glasses-scaled.jpg\" alt=\"A Nova Era Digital : Porque o Design de um Website \u00e9 Muito Mais do que Apar\u00eancia\">\r\n        <\/figure>\r\n\r\n    \r\n    <div class=\"post-content\">\r\n\r\n        \r\n        <div class=\"post-meta-header\">\r\n\r\n            <div class=\"post-header--author\">\r\n\r\n                <img decoding=\"async\" src=\"https:\/\/secure.gravatar.com\/avatar\/7a18d3ea79b9031b531eb2e66c6baa5e2a5bb8619f0efb1e210e7a3f3f6675d7?s=45&d=mm&r=g\" alt=\"iamqueirozz@gmail.com\">\r\n\r\n                <div class=\"post-meta__info\">\r\n                    <span class=\"post-meta__author\">iamqueirozz@gmail.com<\/span>\r\n                    <span class=\"post-meta__date\">Jan 6, 2024<\/span>\r\n                <\/div>\r\n\r\n            <\/div>\r\n\r\n        <\/div>    \r\n\r\n        <div class=\"post-meta-cont\">\r\n            <div class=\"post-category\"><a href=\"https:\/\/qwsolutions.pt\/pt\/category\/blog\/\" rel=\"category tag\">Blog<\/a><\/div>\r\n            <div class=\"post-header\">\r\n                <a class=\"post-title\" href=\"https:\/\/qwsolutions.pt\/pt\/a-nova-era-digital\/\" aria-label=\"A Nova Era Digital : Porque o Design de um Website \u00e9 Muito Mais do que Apar\u00eancia\">\r\n                    <h3>A Nova Era Digital : Porque o Design de um Website \u00e9 Muito Mais do que Apar\u00eancia<\/h3>\r\n                <\/a>\r\n            <\/div>\r\n        <\/div>\r\n\r\n    <\/div>\r\n\r\n<\/article>\r\n\r\n\t\t\t\t\t\r\n                                            <svg style=\"visibility: hidden; position: absolute;\" width=\"0\" height=\"0\" xmlns=\"http:\/\/www.w3.org\/2000\/svg\" version=\"1.1\">\r\n                            <defs>\r\n                                <filter id=\"goo\"><feGaussianBlur in=\"SourceGraphic\" stdDeviation=\"6\" result=\"blur\" \/>    \r\n                                    <feColorMatrix in=\"blur\" type=\"matrix\" values=\"1 0 0 0 0  0 1 0 0 0  0 0 1 0 0  0 0 0 19 -9\" result=\"goo\" \/>\r\n                                    <feComposite in=\"SourceGraphic\" in2=\"goo\" operator=\"atop\"\/>\r\n                                <\/filter>\r\n                            <\/defs>\r\n                        <\/svg>\r\n                    \r\n\t\t            \t        \t\t\t\t\t\t\t\t\t\t\t<nav class=\"pagination\" aria-label=\"Pagination\"><ol class=\"pagination__list\">\n<li class=\"page-item active\"><a href=\"https:\/\/qwsolutions.pt\/pt\/wp-json\/wp\/v2\/pages\/123\/\" class=\"pagination__item\">1<\/a><\/li>\n<li class=\"display--sm\"><a href=\"https:\/\/qwsolutions.pt\/pt\/wp-json\/wp\/v2\/pages\/123\/page\/2\/\" class=\"pagination__item pagination__item--ellipsis\">2<\/a><\/li>\n<li class=\"page-item next\"><a href=\"https:\/\/qwsolutions.pt\/pt\/wp-json\/wp\/v2\/pages\/123\/page\/2\/\" >Next<\/a> <\/li>\n<\/ol><\/nav>\n\t\t            \t\t\t            \t\t\t<\/div>\r\n\t\t<\/div>\r\n\t\t\t\t\t\t<\/div>\n\t\t\t\t<\/div>\n\t\t\t\t\t<\/div>\n\t\t\t\t<\/div>\n\t\t\t\t<\/div>\n\t\t","protected":false},"excerpt":{"rendered":"<p>Blog iamqueirozz@gmail.com Jan 6, 2024 Blog A Nova Era Digital: Porque o Design de um Website \u00e9 Muito Mais do que Apar\u00eancia iamqueirozz@gmail.com Jan [&hellip;]<\/p>\n","protected":false},"author":1,"featured_media":0,"parent":0,"menu_order":0,"comment_status":"closed","ping_status":"closed","template":"page-custom.php","meta":{"_acf_changed":false,"footnotes":""},"class_list":["post-123","page","type-page","status-publish","hentry"],"acf":{"choi\u0441e_menu_page":"custom_menu_page","full_width":false,"header_transparent":false,"header_white":false,"menu_type_page":"button","menu_align_page":"default"},"_links":{"self":[{"href":"https:\/\/qwsolutions.pt\/pt\/wp-json\/wp\/v2\/pages\/123","targetHints":{"allow":["GET"]}}],"collection":[{"href":"https:\/\/qwsolutions.pt\/pt\/wp-json\/wp\/v2\/pages"}],"about":[{"href":"https:\/\/qwsolutions.pt\/pt\/wp-json\/wp\/v2\/types\/page"}],"author":[{"embeddable":true,"href":"https:\/\/qwsolutions.pt\/pt\/wp-json\/wp\/v2\/users\/1"}],"replies":[{"embeddable":true,"href":"https:\/\/qwsolutions.pt\/pt\/wp-json\/wp\/v2\/comments?post=123"}],"version-history":[{"count":0,"href":"https:\/\/qwsolutions.pt\/pt\/wp-json\/wp\/v2\/pages\/123\/revisions"}],"wp:attachment":[{"href":"https:\/\/qwsolutions.pt\/pt\/wp-json\/wp\/v2\/media?parent=123"}],"curies":[{"name":"wp","href":"https:\/\/api.w.org\/{rel}","templated":true}]}}