{"id":6115,"date":"2025-10-22T18:26:21","date_gmt":"2025-10-22T18:26:21","guid":{"rendered":"https:\/\/qwsolutions.pt\/?page_id=6115"},"modified":"2025-10-22T19:00:41","modified_gmt":"2025-10-22T19:00:41","slug":"incentivo-prr","status":"publish","type":"page","link":"https:\/\/qwsolutions.pt\/en\/incentivo-prr\/","title":{"rendered":"PRR Incentive"},"content":{"rendered":"<div data-elementor-type=\"wp-page\" data-elementor-id=\"6115\" class=\"elementor elementor-6115\" data-elementor-post-type=\"page\">\n\t\t\t\t<div class=\"elementor-element elementor-element-439b8a2 e-flex e-con-boxed no e-con e-parent\" data-id=\"439b8a2\" data-element_type=\"container\">\n\t\t\t\t\t<div class=\"e-con-inner\">\n\t\t<div class=\"elementor-element elementor-element-a7bed7c e-con-full e-flex no e-con e-child\" data-id=\"a7bed7c\" data-element_type=\"container\" data-settings=\"{&quot;background_background&quot;:&quot;classic&quot;}\">\n\t\t\t\t<div class=\"elementor-element elementor-element-ecd2a6d elementor-widget elementor-widget-heading\" data-id=\"ecd2a6d\" data-element_type=\"widget\" data-widget_type=\"heading.default\">\n\t\t\t\t<div class=\"elementor-widget-container\">\n\t\t\t\t\t<h2 class=\"elementor-heading-title elementor-size-default\">PRR Incentive <br> Digital Transition<\/h2>\t\t\t\t<\/div>\n\t\t\t\t<\/div>\n\t\t\t\t<div class=\"elementor-element elementor-element-a4196e8 elementor-widget elementor-widget-text-editor\" data-id=\"a4196e8\" data-element_type=\"widget\" data-widget_type=\"text-editor.default\">\n\t\t\t\t<div class=\"elementor-widget-container\">\n\t\t\t\t\t\t\t\t\t<p class=\"my-2 [&amp;+p]:mt-4 [&amp;_strong:has(+br)]:inline-block [&amp;_strong:has(+br)]:pb-2\">Don&#039;t miss this opportunity to transform your business with European financial support.<\/p>\t\t\t\t\t\t\t\t<\/div>\n\t\t\t\t<\/div>\n\t\t\t\t<\/div>\n\t\t\t\t\t<\/div>\n\t\t\t\t<\/div>\n\t\t<div class=\"elementor-element elementor-element-de7cc23 e-flex e-con-boxed no e-con e-parent\" data-id=\"de7cc23\" data-element_type=\"container\">\n\t\t\t\t\t<div class=\"e-con-inner\">\n\t\t<div class=\"elementor-element elementor-element-d1d65ab e-con-full e-flex no e-con e-child\" data-id=\"d1d65ab\" data-element_type=\"container\">\n\t\t\t\t<div class=\"elementor-element elementor-element-126730a elementor-widget elementor-widget-heading\" data-id=\"126730a\" data-element_type=\"widget\" data-widget_type=\"heading.default\">\n\t\t\t\t<div class=\"elementor-widget-container\">\n\t\t\t\t\t<h2 class=\"elementor-heading-title elementor-size-default\">What is the PRR - Vouchers for Digital Transition<\/h2>\t\t\t\t<\/div>\n\t\t\t\t<\/div>\n\t\t\t\t<div class=\"elementor-element elementor-element-c2ef530 elementor-widget elementor-widget-text-editor\" data-id=\"c2ef530\" data-element_type=\"widget\" data-widget_type=\"text-editor.default\">\n\t\t\t\t<div class=\"elementor-widget-container\">\n\t\t\t\t\t\t\t\t\t<p>The Recovery and Resilience Program (PRR) supports micro, small and medium-sized companies with\u00a0<strong>vouchers up to \u20ac10,000<\/strong>\u00a0to boost your digitalization.<\/p><p class=\"my-2 [&amp;+p]:mt-4 [&amp;_strong:has(+br)]:inline-block [&amp;_strong:has(+br)]:pb-2\">If you want to have\u00a0<strong>a professional website, online store, or structured digital presence<\/strong>, this is the ideal time.<\/p><p>\u00a0<\/p><p>Applications have been extended until March 31, 2026.<br \/>Don&#039;t miss this opportunity to transform your business with European financial support.<\/p>\t\t\t\t\t\t\t\t<\/div>\n\t\t\t\t<\/div>\n\t\t\t\t<\/div>\n\t\t<div class=\"elementor-element elementor-element-eb3eb5c e-con-full e-flex no e-con e-child\" data-id=\"eb3eb5c\" data-element_type=\"container\">\n\t\t\t\t<div class=\"elementor-element elementor-element-7840255 elementor-widget elementor-widget-image\" data-id=\"7840255\" data-element_type=\"widget\" data-widget_type=\"image.default\">\n\t\t\t\t<div class=\"elementor-widget-container\">\n\t\t\t\t\t\t\t\t\t\t\t\t\t\t\t<img fetchpriority=\"high\" decoding=\"async\" width=\"2560\" height=\"1707\" src=\"https:\/\/qwsolutions.pt\/wp-content\/uploads\/2025\/10\/happy-business-team-cooperating-while-analyzing-their-business-progress-whiteboard-office-scaled.jpg\" class=\"attachment-full size-full wp-image-6081\" alt=\"Queiroz Web Solutions\" srcset=\"https:\/\/qwsolutions.pt\/wp-content\/uploads\/2025\/10\/happy-business-team-cooperating-while-analyzing-their-business-progress-whiteboard-office-scaled.jpg 2560w, https:\/\/qwsolutions.pt\/wp-content\/uploads\/2025\/10\/happy-business-team-cooperating-while-analyzing-their-business-progress-whiteboard-office-300x200.jpg 300w, https:\/\/qwsolutions.pt\/wp-content\/uploads\/2025\/10\/happy-business-team-cooperating-while-analyzing-their-business-progress-whiteboard-office-1024x683.jpg 1024w, https:\/\/qwsolutions.pt\/wp-content\/uploads\/2025\/10\/happy-business-team-cooperating-while-analyzing-their-business-progress-whiteboard-office-768x512.jpg 768w, https:\/\/qwsolutions.pt\/wp-content\/uploads\/2025\/10\/happy-business-team-cooperating-while-analyzing-their-business-progress-whiteboard-office-1536x1024.jpg 1536w, https:\/\/qwsolutions.pt\/wp-content\/uploads\/2025\/10\/happy-business-team-cooperating-while-analyzing-their-business-progress-whiteboard-office-2048x1365.jpg 2048w, https:\/\/qwsolutions.pt\/wp-content\/uploads\/2025\/10\/happy-business-team-cooperating-while-analyzing-their-business-progress-whiteboard-office-18x12.jpg 18w, https:\/\/qwsolutions.pt\/wp-content\/uploads\/2025\/10\/happy-business-team-cooperating-while-analyzing-their-business-progress-whiteboard-office-400x268.jpg 400w, https:\/\/qwsolutions.pt\/wp-content\/uploads\/2025\/10\/happy-business-team-cooperating-while-analyzing-their-business-progress-whiteboard-office-1120x747.jpg 1120w\" sizes=\"(max-width: 2560px) 100vw, 2560px\" \/>\t\t\t\t\t\t\t\t\t\t\t\t\t\t\t<\/div>\n\t\t\t\t<\/div>\n\t\t\t\t<\/div>\n\t\t\t\t\t<\/div>\n\t\t\t\t<\/div>\n\t\t<div class=\"elementor-element elementor-element-20893db e-flex e-con-boxed no e-con e-parent\" data-id=\"20893db\" data-element_type=\"container\">\n\t\t\t\t\t<div class=\"e-con-inner\">\n\t\t<div class=\"elementor-element elementor-element-8d6f37f e-con-full e-flex no e-con e-child\" data-id=\"8d6f37f\" data-element_type=\"container\">\n\t\t\t\t<div class=\"elementor-element elementor-element-4e81b75 elementor-widget elementor-widget-image\" data-id=\"4e81b75\" data-element_type=\"widget\" data-widget_type=\"image.default\">\n\t\t\t\t<div class=\"elementor-widget-container\">\n\t\t\t\t\t\t\t\t\t\t\t\t\t\t\t<img decoding=\"async\" width=\"2560\" height=\"1709\" src=\"https:\/\/qwsolutions.pt\/wp-content\/uploads\/2025\/10\/business-people-having-arguments-with-boss-scaled.jpg\" class=\"attachment-full size-full wp-image-6052\" alt=\"Queiroz Web Solutions\" srcset=\"https:\/\/qwsolutions.pt\/wp-content\/uploads\/2025\/10\/business-people-having-arguments-with-boss-scaled.jpg 2560w, https:\/\/qwsolutions.pt\/wp-content\/uploads\/2025\/10\/business-people-having-arguments-with-boss-300x200.jpg 300w, https:\/\/qwsolutions.pt\/wp-content\/uploads\/2025\/10\/business-people-having-arguments-with-boss-1024x683.jpg 1024w, https:\/\/qwsolutions.pt\/wp-content\/uploads\/2025\/10\/business-people-having-arguments-with-boss-768x513.jpg 768w, https:\/\/qwsolutions.pt\/wp-content\/uploads\/2025\/10\/business-people-having-arguments-with-boss-1536x1025.jpg 1536w, https:\/\/qwsolutions.pt\/wp-content\/uploads\/2025\/10\/business-people-having-arguments-with-boss-2048x1367.jpg 2048w, https:\/\/qwsolutions.pt\/wp-content\/uploads\/2025\/10\/business-people-having-arguments-with-boss-18x12.jpg 18w, https:\/\/qwsolutions.pt\/wp-content\/uploads\/2025\/10\/business-people-having-arguments-with-boss-400x268.jpg 400w, https:\/\/qwsolutions.pt\/wp-content\/uploads\/2025\/10\/business-people-having-arguments-with-boss-1120x747.jpg 1120w\" sizes=\"(max-width: 2560px) 100vw, 2560px\" \/>\t\t\t\t\t\t\t\t\t\t\t\t\t\t\t<\/div>\n\t\t\t\t<\/div>\n\t\t\t\t<\/div>\n\t\t<div class=\"elementor-element elementor-element-bb902a3 e-con-full e-flex no e-con e-child\" data-id=\"bb902a3\" data-element_type=\"container\">\n\t\t\t\t<div class=\"elementor-element elementor-element-1fb2710 elementor-widget elementor-widget-heading\" data-id=\"1fb2710\" data-element_type=\"widget\" data-widget_type=\"heading.default\">\n\t\t\t\t<div class=\"elementor-widget-container\">\n\t\t\t\t\t<h2 class=\"elementor-heading-title elementor-size-default\">Who is it for?<\/h2>\t\t\t\t<\/div>\n\t\t\t\t<\/div>\n\t\t\t\t<div class=\"elementor-element elementor-element-6c48179 elementor-widget elementor-widget-text-editor\" data-id=\"6c48179\" data-element_type=\"widget\" data-widget_type=\"text-editor.default\">\n\t\t\t\t<div class=\"elementor-widget-container\">\n\t\t\t\t\t\t\t\t\t<ul class=\"marker:text-quiet list-disc\"><li class=\"py-0 my-0 prose-p:pt-0 prose-p:mb-2 prose-p:my-0 [&amp;&gt;p]:pt-0 [&amp;&gt;p]:mb-2 [&amp;&gt;p]:my-0\"><p class=\"my-2 [&amp;+p]:mt-4 [&amp;_strong:has(+br)]:inline-block [&amp;_strong:has(+br)]:pb-2\">Micro, small and medium-sized companies in any sector;<\/p><\/li><li class=\"py-0 my-0 prose-p:pt-0 prose-p:mb-2 prose-p:my-0 [&amp;&gt;p]:pt-0 [&amp;&gt;p]:mb-2 [&amp;&gt;p]:my-0\"><p class=\"my-2 [&amp;+p]:mt-4 [&amp;_strong:has(+br)]:inline-block [&amp;_strong:has(+br)]:pb-2\">Companies with registered activity in Portugal;<\/p><\/li><li class=\"py-0 my-0 prose-p:pt-0 prose-p:mb-2 prose-p:my-0 [&amp;&gt;p]:pt-0 [&amp;&gt;p]:mb-2 [&amp;&gt;p]:my-0\"><p class=\"my-2 [&amp;+p]:mt-4 [&amp;_strong:has(+br)]:inline-block [&amp;_strong:has(+br)]:pb-2\">Businesses that intend to invest in\u00a0<strong>digital marketing, websites, and technological transformation.<\/strong><\/p><\/li><\/ul>\t\t\t\t\t\t\t\t<\/div>\n\t\t\t\t<\/div>\n\t\t\t\t<\/div>\n\t\t\t\t\t<\/div>\n\t\t\t\t<\/div>\n\t\t<div class=\"elementor-element elementor-element-8ab86e9 e-flex e-con-boxed no e-con e-parent\" data-id=\"8ab86e9\" data-element_type=\"container\" data-settings=\"{&quot;background_background&quot;:&quot;classic&quot;}\">\n\t\t\t\t\t<div class=\"e-con-inner\">\n\t\t<div class=\"elementor-element elementor-element-513e0f9 e-con-full e-flex no e-con e-child\" data-id=\"513e0f9\" data-element_type=\"container\">\n\t\t\t\t<div class=\"elementor-element elementor-element-ccd7dac elementor-widget elementor-widget-heading\" data-id=\"ccd7dac\" data-element_type=\"widget\" data-widget_type=\"heading.default\">\n\t\t\t\t<div class=\"elementor-widget-container\">\n\t\t\t\t\t<h2 class=\"elementor-heading-title elementor-size-default\">What can <br>implement<br> with the support<\/h2>\t\t\t\t<\/div>\n\t\t\t\t<\/div>\n\t\t\t\t<\/div>\n\t\t<div class=\"elementor-element elementor-element-8727ea9 e-con-full e-flex no e-con e-child\" data-id=\"8727ea9\" data-element_type=\"container\">\n\t\t\t\t<div class=\"elementor-element elementor-element-74192d5 elementor-widget elementor-widget-text-editor\" data-id=\"74192d5\" data-element_type=\"widget\" data-widget_type=\"text-editor.default\">\n\t\t\t\t<div class=\"elementor-widget-container\">\n\t\t\t\t\t\t\t\t\t<ul><li>Creation of a professional website or online store;<\/li><li class=\"my-2 [&amp;+p]:mt-4 [&amp;_strong:has(+br)]:inline-block [&amp;_strong:has(+br)]:pb-2\">Social media management and digital marketing;<\/li><li class=\"my-2 [&amp;+p]:mt-4 [&amp;_strong:has(+br)]:inline-block [&amp;_strong:has(+br)]:pb-2\">Digital brand development and branding;<\/li><li class=\"my-2 [&amp;+p]:mt-4 [&amp;_strong:has(+br)]:inline-block [&amp;_strong:has(+br)]:pb-2\">Automation systems and digital management tools;<\/li><li class=\"my-2 [&amp;+p]:mt-4 [&amp;_strong:has(+br)]:inline-block [&amp;_strong:has(+br)]:pb-2\">Strategic consultancy for online presence.<\/li><\/ul>\t\t\t\t\t\t\t\t<\/div>\n\t\t\t\t<\/div>\n\t\t\t\t<\/div>\n\t\t\t\t\t<\/div>\n\t\t\t\t<\/div>\n\t\t<div class=\"elementor-element elementor-element-c27ae02 e-flex e-con-boxed no e-con e-parent\" data-id=\"c27ae02\" data-element_type=\"container\">\n\t\t\t\t\t<div class=\"e-con-inner\">\n\t\t<div class=\"elementor-element elementor-element-adbec65 e-con-full e-flex no e-con e-child\" data-id=\"adbec65\" data-element_type=\"container\">\n\t\t\t\t<div class=\"elementor-element elementor-element-5ae4769 elementor-widget elementor-widget-text-editor\" data-id=\"5ae4769\" data-element_type=\"widget\" data-widget_type=\"text-editor.default\">\n\t\t\t\t<div class=\"elementor-widget-container\">\n\t\t\t\t\t\t\t\t\t<p>Fill out the form below and find out if your company is eligible!<\/p>\t\t\t\t\t\t\t\t<\/div>\n\t\t\t\t<\/div>\n\t\t\t\t<div class=\"elementor-element elementor-element-d44084d elementor-button-align-stretch elementor-widget elementor-widget-form\" data-id=\"d44084d\" data-element_type=\"widget\" data-settings=\"{&quot;step_next_label&quot;:&quot;Next&quot;,&quot;step_previous_label&quot;:&quot;Previous&quot;,&quot;button_width&quot;:&quot;100&quot;,&quot;step_type&quot;:&quot;number_text&quot;,&quot;step_icon_shape&quot;:&quot;circle&quot;}\" data-widget_type=\"form.default\">\n\t\t\t\t<div class=\"elementor-widget-container\">\n\t\t\t\t\t\t\t<form class=\"elementor-form\" method=\"post\" name=\"New Form\" aria-label=\"New Form\" action=\"\">\n\t\t\t<input type=\"hidden\" name=\"post_id\" value=\"6115\"\/>\n\t\t\t<input type=\"hidden\" name=\"form_id\" value=\"d44084d\"\/>\n\t\t\t<input type=\"hidden\" name=\"referer_title\" value=\"\" \/>\n\n\t\t\t\n\t\t\t<div class=\"elementor-form-fields-wrapper elementor-labels-\">\n\t\t\t\t\t\t\t\t<div class=\"elementor-field-type-text elementor-field-group elementor-column elementor-field-group-name elementor-col-100\">\n\t\t\t\t\t\t\t\t\t\t\t\t<label for=\"form-field-name\" class=\"elementor-field-label elementor-screen-only\">\n\t\t\t\t\t\t\t\tCompany name\t\t\t\t\t\t\t<\/label>\n\t\t\t\t\t\t\t\t\t\t\t\t\t\t<input size=\"1\" type=\"text\" name=\"form_fields[name]\" id=\"form-field-name\" class=\"elementor-field elementor-size-sm  elementor-field-textual\" placeholder=\"Company name\">\n\t\t\t\t\t\t\t\t\t\t\t<\/div>\n\t\t\t\t\t\t\t\t<div class=\"elementor-field-type-number elementor-field-group elementor-column elementor-field-group-email elementor-col-100 elementor-field-required\">\n\t\t\t\t\t\t\t\t\t\t\t\t<label for=\"form-field-email\" class=\"elementor-field-label elementor-screen-only\">\n\t\t\t\t\t\t\t\tTax Identification Number (NIF)\t\t\t\t\t\t\t<\/label>\n\t\t\t\t\t\t\t\t\t<input type=\"number\" name=\"form_fields[email]\" id=\"form-field-email\" class=\"elementor-field elementor-size-sm  elementor-field-textual\" placeholder=\"Tax Identification Number (NIF)\" required=\"required\" min=\"\" max=\"\" >\n\t\t\t\t\t\t<\/div>\n\t\t\t\t\t\t\t\t<div class=\"elementor-field-type-text elementor-field-group elementor-column elementor-field-group-message elementor-col-100\">\n\t\t\t\t\t\t\t\t\t\t\t\t<label for=\"form-field-message\" class=\"elementor-field-label elementor-screen-only\">\n\t\t\t\t\t\t\t\tCompany headquarters address\t\t\t\t\t\t\t<\/label>\n\t\t\t\t\t\t\t\t\t\t\t\t\t\t<input size=\"1\" type=\"text\" name=\"form_fields[message]\" id=\"form-field-message\" class=\"elementor-field elementor-size-sm  elementor-field-textual\" placeholder=\"Company headquarters address\">\n\t\t\t\t\t\t\t\t\t\t\t<\/div>\n\t\t\t\t\t\t\t\t<div class=\"elementor-field-type-tel elementor-field-group elementor-column elementor-field-group-field_e11ae18 elementor-col-100\">\n\t\t\t\t\t\t\t\t\t\t\t\t<label for=\"form-field-field_e11ae18\" class=\"elementor-field-label elementor-screen-only\">\n\t\t\t\t\t\t\t\tTelephone contact\t\t\t\t\t\t\t<\/label>\n\t\t\t\t\t\t\t\t<input size=\"1\" type=\"tel\" name=\"form_fields[field_e11ae18]\" id=\"form-field-field_e11ae18\" class=\"elementor-field elementor-size-sm  elementor-field-textual\" placeholder=\"Company headquarters address\" pattern=\"[0-9()#&amp;+*-=.]+\" title=\"Only numbers and phone characters (#, -, *, etc) are accepted.\">\n\n\t\t\t\t\t\t<\/div>\n\t\t\t\t\t\t\t\t<div class=\"elementor-field-type-email elementor-field-group elementor-column elementor-field-group-field_cf9f540 elementor-col-100\">\n\t\t\t\t\t\t\t\t\t\t\t\t<label for=\"form-field-field_cf9f540\" class=\"elementor-field-label elementor-screen-only\">\n\t\t\t\t\t\t\t\tE-mail\t\t\t\t\t\t\t<\/label>\n\t\t\t\t\t\t\t\t\t\t\t\t\t\t<input size=\"1\" type=\"email\" name=\"form_fields[field_cf9f540]\" id=\"form-field-field_cf9f540\" class=\"elementor-field elementor-size-sm  elementor-field-textual\" placeholder=\"E-mail\">\n\t\t\t\t\t\t\t\t\t\t\t<\/div>\n\t\t\t\t\t\t\t\t<div class=\"elementor-field-type-text elementor-field-group elementor-column elementor-field-group-field_96567d8 elementor-col-100\">\n\t\t\t\t\t\t\t\t\t\t\t\t<label for=\"form-field-field_96567d8\" class=\"elementor-field-label elementor-screen-only\">\n\t\t\t\t\t\t\t\tCompany&#039;s sector of activity\t\t\t\t\t\t\t<\/label>\n\t\t\t\t\t\t\t\t\t\t\t\t\t\t<input size=\"1\" type=\"text\" name=\"form_fields[field_96567d8]\" id=\"form-field-field_96567d8\" class=\"elementor-field elementor-size-sm  elementor-field-textual\" placeholder=\"Company&#039;s sector of activity\">\n\t\t\t\t\t\t\t\t\t\t\t<\/div>\n\t\t\t\t\t\t\t\t<div class=\"elementor-field-type-textarea elementor-field-group elementor-column elementor-field-group-field_f48c83f elementor-col-100\">\n\t\t\t\t\t\t\t\t\t\t\t\t<label for=\"form-field-field_f48c83f\" class=\"elementor-field-label elementor-screen-only\">\n\t\t\t\t\t\t\t\tBrief description of the company\t\t\t\t\t\t\t<\/label>\n\t\t\t\t\t\t<textarea class=\"elementor-field-textual elementor-field  elementor-size-sm\" name=\"form_fields[field_f48c83f]\" id=\"form-field-field_f48c83f\" rows=\"4\" placeholder=\"Brief description of the company\"><\/textarea>\t\t\t\t<\/div>\n\t\t\t\t\t\t\t\t<div class=\"elementor-field-type-textarea elementor-field-group elementor-column elementor-field-group-field_8bb9edd elementor-col-100\">\n\t\t\t\t\t\t\t\t\t\t\t\t<label for=\"form-field-field_8bb9edd\" class=\"elementor-field-label elementor-screen-only\">\n\t\t\t\t\t\t\t\tType of digital project to be implemented (e.g. website, online store, digital marketing, automation)\t\t\t\t\t\t\t<\/label>\n\t\t\t\t\t\t<textarea class=\"elementor-field-textual elementor-field  elementor-size-sm\" name=\"form_fields[field_8bb9edd]\" id=\"form-field-field_8bb9edd\" rows=\"4\" placeholder=\"Type of digital project to be implemented (e.g. website, online store, digital marketing, automation)\"><\/textarea>\t\t\t\t<\/div>\n\t\t\t\t\t\t\t\t<div class=\"elementor-field-type-number elementor-field-group elementor-column elementor-field-group-field_fbb3d30 elementor-col-100\">\n\t\t\t\t\t\t\t\t\t\t\t\t<label for=\"form-field-field_fbb3d30\" class=\"elementor-field-label elementor-screen-only\">\n\t\t\t\t\t\t\t\tAmount requested for the voucher\t\t\t\t\t\t\t<\/label>\n\t\t\t\t\t\t\t\t\t<input type=\"number\" name=\"form_fields[field_fbb3d30]\" id=\"form-field-field_fbb3d30\" class=\"elementor-field elementor-size-sm  elementor-field-textual\" placeholder=\"Amount requested for the voucher\" min=\"\" max=\"\" >\n\t\t\t\t\t\t<\/div>\n\t\t\t\t\t\t\t\t<div class=\"elementor-field-type-acceptance elementor-field-group elementor-column elementor-field-group-field_89b584e elementor-col-100 elementor-field-required\">\n\t\t\t\t\t\t\t\t\t\t\t\t<label for=\"form-field-field_89b584e\" class=\"elementor-field-label elementor-screen-only\">\n\t\t\t\t\t\t\t\tAmount requested for the voucher\t\t\t\t\t\t\t<\/label>\n\t\t\t\t\t\t\t\t<div class=\"elementor-field-subgroup\">\n\t\t\t<span class=\"elementor-field-option\">\n\t\t\t\t<input type=\"checkbox\" name=\"form_fields[field_89b584e]\" id=\"form-field-field_89b584e\" class=\"elementor-field elementor-size-sm  elementor-acceptance-field\" required=\"required\">\n\t\t\t\t<label for=\"form-field-field_89b584e\">Consent to the processing of personal data<\/label>\t\t\t<\/span>\n\t\t<\/div>\n\t\t\t\t\t\t<\/div>\n\t\t\t\t\t\t\t\t<div class=\"elementor-field-group elementor-column elementor-field-type-submit elementor-col-100 e-form__buttons\">\n\t\t\t\t\t<button class=\"elementor-button elementor-size-sm\" type=\"submit\">\n\t\t\t\t\t\t<span class=\"elementor-button-content-wrapper\">\n\t\t\t\t\t\t\t\t\t\t\t\t\t\t\t\t\t\t\t\t\t\t<span class=\"elementor-button-text\">I want to know if I am eligible<\/span>\n\t\t\t\t\t\t\t\t\t\t\t\t\t<\/span>\n\t\t\t\t\t<\/button>\n\t\t\t\t<\/div>\n\t\t\t<\/div>\n\t\t<input type=\"hidden\" name=\"trp-form-language\" value=\"en\"\/><\/form>\n\t\t\t\t\t\t<\/div>\n\t\t\t\t<\/div>\n\t\t\t\t<\/div>\n\t\t\t\t\t<\/div>\n\t\t\t\t<\/div>\n\t\t\t\t<\/div>","protected":false},"excerpt":{"rendered":"<p>Incentivo PRR Transi\u00e7\u00e3o Digital N\u00e3o perca esta oportunidade de transformar o seu neg\u00f3cio com apoio financeiro europeu. O que \u00e9 o PRR &#8211; Vouchers [&hellip;]<\/p>","protected":false},"author":1,"featured_media":0,"parent":0,"menu_order":0,"comment_status":"closed","ping_status":"closed","template":"","meta":{"_acf_changed":false,"footnotes":""},"class_list":["post-6115","page","type-page","status-publish","hentry"],"acf":{"choi\u0441e_menu_page":"global_settings","full_width":false,"header_transparent":false,"header_white":false,"menu_type_page":"default","menu_align_page":"default"},"_links":{"self":[{"href":"https:\/\/qwsolutions.pt\/en\/wp-json\/wp\/v2\/pages\/6115","targetHints":{"allow":["GET"]}}],"collection":[{"href":"https:\/\/qwsolutions.pt\/en\/wp-json\/wp\/v2\/pages"}],"about":[{"href":"https:\/\/qwsolutions.pt\/en\/wp-json\/wp\/v2\/types\/page"}],"author":[{"embeddable":true,"href":"https:\/\/qwsolutions.pt\/en\/wp-json\/wp\/v2\/users\/1"}],"replies":[{"embeddable":true,"href":"https:\/\/qwsolutions.pt\/en\/wp-json\/wp\/v2\/comments?post=6115"}],"version-history":[{"count":10,"href":"https:\/\/qwsolutions.pt\/en\/wp-json\/wp\/v2\/pages\/6115\/revisions"}],"predecessor-version":[{"id":6128,"href":"https:\/\/qwsolutions.pt\/en\/wp-json\/wp\/v2\/pages\/6115\/revisions\/6128"}],"wp:attachment":[{"href":"https:\/\/qwsolutions.pt\/en\/wp-json\/wp\/v2\/media?parent=6115"}],"curies":[{"name":"wp","href":"https:\/\/api.w.org\/{rel}","templated":true}]}}