{"id":5275,"date":"2025-07-19T23:44:29","date_gmt":"2025-07-19T23:44:29","guid":{"rendered":"https:\/\/qwsolutions.pt\/?page_id=5275"},"modified":"2025-07-20T07:55:00","modified_gmt":"2025-07-20T07:55:00","slug":"recrutamento","status":"publish","type":"page","link":"https:\/\/qwsolutions.pt\/en\/recrutamento\/","title":{"rendered":"Contact Us"},"content":{"rendered":"<div data-elementor-type=\"wp-page\" data-elementor-id=\"5275\" class=\"elementor elementor-5275\" data-elementor-post-type=\"page\">\n\t\t\t\t<div class=\"elementor-element elementor-element-80adb3e e-con-full e-flex no e-con e-parent\" data-id=\"80adb3e\" data-element_type=\"container\">\n\t\t<div class=\"elementor-element elementor-element-34a4791 e-con-full e-flex no e-con e-child\" data-id=\"34a4791\" data-element_type=\"container\">\n\t\t\t\t<div class=\"elementor-element elementor-element-056fea0 elementor-widget elementor-widget-ms_text_ticker\" data-id=\"056fea0\" data-element_type=\"widget\" data-widget_type=\"ms_text_ticker.default\">\n\t\t\t\t<div class=\"elementor-widget-container\">\n\t\t\t\t\t        <div class=\"ms-text-ticker\">\r\n            <div id=\"056fea0\" class=\"ms-tt-wrap\" data-speed=\"\" data-direction=\"left\" data-scroll=\"off\" data-hover=\"slow_down\">\r\n                <div>\r\n\r\n                    <ul class=\"ms-tt\">\r\n\r\n                                                <li class=\"ms-tt__text\">Recruitment&nbsp;<\/li>\r\n                                                            <li class=\"ms-tt__text img\"><img decoding=\"async\" src=\"https:\/\/theme.madsparrow.me\/mokko\/wp-content\/uploads\/2024\/04\/Map-circle-mokko.svg\"\/><\/li>\r\n                                                                                <li class=\"ms-tt__text\">Recruitment&nbsp;<\/li>\r\n                                                            <li class=\"ms-tt__text img\"><img decoding=\"async\" src=\"https:\/\/theme.madsparrow.me\/mokko\/wp-content\/uploads\/2024\/04\/Map-circle-mokko.svg\"\/><\/li>\r\n                                                                                <li class=\"ms-tt__text\">Recruitment&nbsp;<\/li>\r\n                                                            <li class=\"ms-tt__text img\"><img decoding=\"async\" src=\"https:\/\/theme.madsparrow.me\/mokko\/wp-content\/uploads\/2024\/04\/Map-circle-mokko.svg\"\/><\/li>\r\n                                                                                <li class=\"ms-tt__text\">Recruitment&nbsp;<\/li>\r\n                                                            <li class=\"ms-tt__text img\"><img decoding=\"async\" src=\"https:\/\/theme.madsparrow.me\/mokko\/wp-content\/uploads\/2024\/04\/Map-circle-mokko.svg\"\/><\/li>\r\n                                                                                <li class=\"ms-tt__text\">Recruitment&nbsp;<\/li>\r\n                                                            <li class=\"ms-tt__text img\"><img decoding=\"async\" src=\"https:\/\/theme.madsparrow.me\/mokko\/wp-content\/uploads\/2024\/04\/Map-circle-mokko.svg\"\/><\/li>\r\n                                                                                <li class=\"ms-tt__text\">Recruitment&nbsp;<\/li>\r\n                                                            <li class=\"ms-tt__text img\"><img decoding=\"async\" src=\"https:\/\/theme.madsparrow.me\/mokko\/wp-content\/uploads\/2024\/04\/Map-circle-mokko.svg\"\/><\/li>\r\n                                                        \r\n                    <\/ul>\r\n                    \r\n                <\/div>\r\n            <\/div>\r\n        <\/div>\r\n        \t\t\t\t<\/div>\n\t\t\t\t<\/div>\n\t\t\t\t<\/div>\n\t\t\t\t<\/div>\n\t\t<div class=\"elementor-element elementor-element-e549d1b e-flex e-con-boxed no e-con e-parent\" data-id=\"e549d1b\" data-element_type=\"container\">\n\t\t\t\t\t<div class=\"e-con-inner\">\n\t\t<div class=\"elementor-element elementor-element-7d63fa9 e-con-full e-flex no e-con e-child\" data-id=\"7d63fa9\" data-element_type=\"container\" data-settings=\"{&quot;background_background&quot;:&quot;classic&quot;}\">\n\t\t\t\t<div class=\"elementor-element elementor-element-eb8104a elementor-widget elementor-widget-heading\" data-id=\"eb8104a\" data-element_type=\"widget\" data-widget_type=\"heading.default\">\n\t\t\t\t<div class=\"elementor-widget-container\">\n\t\t\t\t\t<h2 class=\"elementor-heading-title elementor-size-default\">Be a part of it<br>\n<strong>of our team<\/strong><\/h2>\t\t\t\t<\/div>\n\t\t\t\t<\/div>\n\t\t\t\t<div class=\"elementor-element elementor-element-c297a4a elementor-widget elementor-widget-text-editor\" data-id=\"c297a4a\" data-element_type=\"widget\" data-widget_type=\"text-editor.default\">\n\t\t\t\t<div class=\"elementor-widget-container\">\n\t\t\t\t\t\t\t\t\t<p>Fill out the form below and we will get back to you as soon as possible.<\/p>\t\t\t\t\t\t\t\t<\/div>\n\t\t\t\t<\/div>\n\t\t\t\t<div class=\"elementor-element elementor-element-8648384 elementor-button-align-stretch elementor-widget elementor-widget-form\" data-id=\"8648384\" data-element_type=\"widget\" data-settings=\"{&quot;step_next_label&quot;:&quot;Next&quot;,&quot;step_previous_label&quot;:&quot;Previous&quot;,&quot;button_width&quot;:&quot;100&quot;,&quot;step_type&quot;:&quot;number_text&quot;,&quot;step_icon_shape&quot;:&quot;circle&quot;}\" data-widget_type=\"form.default\">\n\t\t\t\t<div class=\"elementor-widget-container\">\n\t\t\t\t\t\t\t<form class=\"elementor-form\" method=\"post\" name=\"New Form\" aria-label=\"New Form\" action=\"\">\n\t\t\t<input type=\"hidden\" name=\"post_id\" value=\"5275\"\/>\n\t\t\t<input type=\"hidden\" name=\"form_id\" value=\"8648384\"\/>\n\t\t\t<input type=\"hidden\" name=\"referer_title\" value=\"\" \/>\n\n\t\t\t\n\t\t\t<div class=\"elementor-form-fields-wrapper elementor-labels-above\">\n\t\t\t\t\t\t\t\t<div class=\"elementor-field-type-text elementor-field-group elementor-column elementor-field-group-name elementor-col-100 elementor-field-required\">\n\t\t\t\t\t\t\t\t\t\t\t\t\t<input size=\"1\" type=\"text\" name=\"form_fields[name]\" id=\"form-field-name\" class=\"elementor-field elementor-size-sm  elementor-field-textual\" placeholder=\"Full Name\" required=\"required\">\n\t\t\t\t\t\t\t\t\t\t\t<\/div>\n\t\t\t\t\t\t\t\t<div class=\"elementor-field-type-email elementor-field-group elementor-column elementor-field-group-field_b5e1b13 elementor-col-50 elementor-field-required\">\n\t\t\t\t\t\t\t\t\t\t\t\t\t<input size=\"1\" type=\"email\" name=\"form_fields[field_b5e1b13]\" id=\"form-field-field_b5e1b13\" class=\"elementor-field elementor-size-sm  elementor-field-textual\" placeholder=\"E-mail\" required=\"required\">\n\t\t\t\t\t\t\t\t\t\t\t<\/div>\n\t\t\t\t\t\t\t\t<div class=\"elementor-field-type-tel elementor-field-group elementor-column elementor-field-group-field_850db91 elementor-col-50 elementor-field-required\">\n\t\t\t\t\t\t\t<input size=\"1\" type=\"tel\" name=\"form_fields[field_850db91]\" id=\"form-field-field_850db91\" class=\"elementor-field elementor-size-sm  elementor-field-textual\" placeholder=\"Telephone\" required=\"required\" pattern=\"[0-9()#&amp;+*-=.]+\" title=\"Only numbers and phone characters (#, -, *, etc) are accepted.\">\n\n\t\t\t\t\t\t<\/div>\n\t\t\t\t\t\t\t\t<div class=\"elementor-field-type-text elementor-field-group elementor-column elementor-field-group-field_6136eaa elementor-col-50 elementor-field-required\">\n\t\t\t\t\t\t\t\t\t\t\t\t\t<input size=\"1\" type=\"text\" name=\"form_fields[field_6136eaa]\" id=\"form-field-field_6136eaa\" class=\"elementor-field elementor-size-sm  elementor-field-textual\" placeholder=\"Desired Function\" required=\"required\">\n\t\t\t\t\t\t\t\t\t\t\t<\/div>\n\t\t\t\t\t\t\t\t<div class=\"elementor-field-type-text elementor-field-group elementor-column elementor-field-group-field_e9d2d21 elementor-col-50 elementor-field-required\">\n\t\t\t\t\t\t\t\t\t\t\t\t\t<input size=\"1\" type=\"text\" name=\"form_fields[field_e9d2d21]\" id=\"form-field-field_e9d2d21\" class=\"elementor-field elementor-size-sm  elementor-field-textual\" placeholder=\"Academic Level\" required=\"required\">\n\t\t\t\t\t\t\t\t\t\t\t<\/div>\n\t\t\t\t\t\t\t\t<div class=\"elementor-field-type-textarea elementor-field-group elementor-column elementor-field-group-field_683d13c elementor-col-100 elementor-field-required\">\n\t\t\t\t\t<textarea class=\"elementor-field-textual elementor-field  elementor-size-sm\" name=\"form_fields[field_683d13c]\" id=\"form-field-field_683d13c\" rows=\"7\" placeholder=\"Cover Letter\" required=\"required\"><\/textarea>\t\t\t\t<\/div>\n\t\t\t\t\t\t\t\t<div class=\"elementor-field-type-upload elementor-field-group elementor-column elementor-field-group-field_9fbbf23 elementor-col-100 elementor-field-required\">\n\t\t\t\t\t\t\t\t\t\t\t\t<label for=\"form-field-field_9fbbf23\" class=\"elementor-field-label\">\n\t\t\t\t\t\t\t\tCurriculum\t\t\t\t\t\t\t<\/label>\n\t\t\t\t\t\t\t\t<input type=\"file\" name=\"form_fields[field_9fbbf23]\" id=\"form-field-field_9fbbf23\" class=\"elementor-field elementor-size-sm  elementor-upload-field\" required=\"required\">\n\n\t\t\t\t\t\t<\/div>\n\t\t\t\t\t\t\t\t<div class=\"elementor-field-type-acceptance elementor-field-group elementor-column elementor-field-group-field_c5ee3da elementor-col-100 elementor-field-required\">\n\t\t\t\t\t\t\t<div class=\"elementor-field-subgroup\">\n\t\t\t<span class=\"elementor-field-option\">\n\t\t\t\t<input type=\"checkbox\" name=\"form_fields[field_c5ee3da]\" id=\"form-field-field_c5ee3da\" class=\"elementor-field elementor-size-sm  elementor-acceptance-field\" required=\"required\">\n\t\t\t\t<label for=\"form-field-field_c5ee3da\">I authorize Queiroz WebSolutions to use my data for Recruitment purposes, in accordance with the General Data Protection Regulation (GDPR)<\/label>\t\t\t<\/span>\n\t\t<\/div>\n\t\t\t\t\t\t<\/div>\n\t\t\t\t\t\t\t\t<div class=\"elementor-field-type-recaptcha elementor-field-group elementor-column elementor-field-group-field_3ce297f elementor-col-100\">\n\t\t\t\t\t<div class=\"elementor-field\" id=\"form-field-field_3ce297f\"><div class=\"elementor-g-recaptcha\" data-sitekey=\"6LerJ4krAAAAAO0FaYpewSd5ws1YoJT7Tk6-vJ_i\" data-type=\"v2_checkbox\" data-theme=\"light\" data-size=\"normal\"><\/div><\/div>\t\t\t\t<\/div>\n\t\t\t\t\t\t\t\t<div class=\"elementor-field-group elementor-column elementor-field-type-submit elementor-col-100 e-form__buttons\">\n\t\t\t\t\t<button class=\"elementor-button elementor-size-sm\" type=\"submit\">\n\t\t\t\t\t\t<span class=\"elementor-button-content-wrapper\">\n\t\t\t\t\t\t\t\t\t\t\t\t\t\t\t\t\t\t\t\t\t\t<span class=\"elementor-button-text\">To send<\/span>\n\t\t\t\t\t\t\t\t\t\t\t\t\t<\/span>\n\t\t\t\t\t<\/button>\n\t\t\t\t<\/div>\n\t\t\t<\/div>\n\t\t<input type=\"hidden\" name=\"trp-form-language\" value=\"en\"\/><\/form>\n\t\t\t\t\t\t<\/div>\n\t\t\t\t<\/div>\n\t\t\t\t<\/div>\n\t\t\t\t\t<\/div>\n\t\t\t\t<\/div>\n\t\t\t\t<\/div>","protected":false},"excerpt":{"rendered":"<p>Recrutamento&nbsp; Recrutamento&nbsp; Recrutamento&nbsp; Recrutamento&nbsp; Recrutamento&nbsp; Recrutamento&nbsp; Fa\u00e7a parte da nossa equipa Preencha o formul\u00e1rio abaixo e retornaremos o mais breve poss\u00edvel.<\/p>","protected":false},"author":1,"featured_media":0,"parent":0,"menu_order":0,"comment_status":"closed","ping_status":"closed","template":"page-custom.php","meta":{"_acf_changed":false,"footnotes":""},"class_list":["post-5275","page","type-page","status-publish","hentry"],"acf":{"choi\u0441e_menu_page":"custom_menu_page","full_width":false,"header_transparent":true,"header_white":false,"menu_type_page":"button","menu_align_page":"default"},"_links":{"self":[{"href":"https:\/\/qwsolutions.pt\/en\/wp-json\/wp\/v2\/pages\/5275","targetHints":{"allow":["GET"]}}],"collection":[{"href":"https:\/\/qwsolutions.pt\/en\/wp-json\/wp\/v2\/pages"}],"about":[{"href":"https:\/\/qwsolutions.pt\/en\/wp-json\/wp\/v2\/types\/page"}],"author":[{"embeddable":true,"href":"https:\/\/qwsolutions.pt\/en\/wp-json\/wp\/v2\/users\/1"}],"replies":[{"embeddable":true,"href":"https:\/\/qwsolutions.pt\/en\/wp-json\/wp\/v2\/comments?post=5275"}],"version-history":[{"count":0,"href":"https:\/\/qwsolutions.pt\/en\/wp-json\/wp\/v2\/pages\/5275\/revisions"}],"wp:attachment":[{"href":"https:\/\/qwsolutions.pt\/en\/wp-json\/wp\/v2\/media?parent=5275"}],"curies":[{"name":"wp","href":"https:\/\/api.w.org\/{rel}","templated":true}]}}